{"id":2108,"date":"2025-03-02T03:32:26","date_gmt":"2025-03-02T02:32:26","guid":{"rendered":"https:\/\/www.ladysinmotion.de\/?post_type=product&#038;p=2108"},"modified":"2026-03-16T12:37:20","modified_gmt":"2026-03-16T11:37:20","slug":"day-pass-ladys-in-motion-festival-ticket-sa","status":"publish","type":"product","link":"https:\/\/www.ladysinmotion.de\/en\/product\/day-pass-ladys-in-motion-festival-ticket-sa\/","title":{"rendered":"Day Pass \u2013 Ladys in motion Festival Ticket (Sa)"},"content":{"rendered":"<h3 data-pm-slice=\"1 1 []\"><strong>Samstag \u2013 Der perfekte Festival-Tag!<\/strong><\/h3>\n<p>Mit dem <strong>Day Pass f\u00fcr Samstag<\/strong> holst du dir die volle Ladung Tanz, Fitness und Power! Freue dich auf motivierende Workshops und Seminare, die deine Energie zum Kochen bringen. Lerne neue Moves, st\u00e4rke deinen K\u00f6rper und genie\u00dfe die Festival-Stimmung. Am Abend kannst du dich auf die gro\u00dfe Samstags-Party (Gala-Abend) freuen \u2013 der kr\u00f6nende Abschluss eines actionreichen Tages!<\/p>\n<p>\ud83d\udd25 <strong>Workshops &amp; Seminare f\u00fcr jedes Level<br \/>\n<\/strong>\ud83c\udf89 <strong>Teilnahme an der Abendveranstaltung am Samstag<br \/>\n<\/strong><strong>\ud83d\udd7a Erlebe Top-Trainer wie Christian Polanc &amp; weitere Experten<\/strong><\/p>\n<h3>Das bietet dir der Day Pass:<\/h3>\n<p>\u2705 <strong>Zugang zu allen Workshops &amp; Seminaren am Samstag<br \/>\n<\/strong><strong>\u2705 Teilnahme am Gala-Abend am Samstag<br \/>\n<\/strong><strong>\u2705 Ein Tag voller Power, Energie &amp; neuen Erlebnissen<br \/>\n<\/strong><strong>\u2705 Tanze, trainiere &amp; wachse \u00fcber dich hinaus<\/strong><\/p>\n<p>Nachdem du dein Ticket gekauft hast, erh\u00e4ltst du eine Best\u00e4tigung per E-Mail mit allen weiteren Infos zu deinem Festivalbesuch. Lass dich von der einzigartigen Atmosph\u00e4re mitrei\u00dfen!<\/p>","protected":false},"excerpt":{"rendered":"<ul>\n<li>Zugang zu allen Workshops &amp; Seminaren am Samstag<\/li>\n<li>Teilnahme am Gala-Abend am Samstag<\/li>\n<li>Perfekt f\u00fcr ein Festival-Erlebnis voller Energie &amp; Tanz<\/li>\n<li>Inspiration durch internationale Tanz- &amp; Fitnesscoaches<\/li>\n<\/ul>","protected":false},"featured_media":6516,"comment_status":"open","ping_status":"closed","template":"","meta":[],"product_brand":[],"product_cat":[68],"product_tag":[],"class_list":{"0":"post-2108","1":"product","2":"type-product","3":"status-publish","4":"has-post-thumbnail","6":"product_cat-day-pass","8":"first","9":"instock","10":"sale","11":"virtual","12":"taxable","13":"purchasable","14":"product-type-simple"},"yoast_head":"<!-- This site is optimized with the Yoast SEO plugin v27.4 - https:\/\/yoast.com\/product\/yoast-seo-wordpress\/ -->\n<title>Day Pass \u2013 Ladys in motion Festival Ticket (Sa) - Ladys in motion<\/title>\n<meta name=\"robots\" content=\"index, follow, max-snippet:-1, max-image-preview:large, max-video-preview:-1\" \/>\n<link rel=\"canonical\" href=\"https:\/\/www.ladysinmotion.de\/en\/product\/day-pass-ladys-in-motion-festival-ticket-sa\/\" \/>\n<meta property=\"og:locale\" content=\"en_US\" \/>\n<meta property=\"og:type\" content=\"article\" \/>\n<meta property=\"og:title\" content=\"Day Pass \u2013 Ladys in motion Festival Ticket (Sa) - Ladys in motion\" \/>\n<meta property=\"og:description\" content=\"Zugang zu allen Workshops &amp; Seminaren am Samstag  Teilnahme am Gala-Abend am Samstag  Perfekt f\u00fcr ein Festival-Erlebnis voller Energie &amp; Tanz  Inspiration durch internationale Tanz- &amp; Fitnesscoaches\" \/>\n<meta property=\"og:url\" content=\"https:\/\/www.ladysinmotion.de\/en\/product\/day-pass-ladys-in-motion-festival-ticket-sa\/\" \/>\n<meta property=\"og:site_name\" content=\"Ladys in motion\" \/>\n<meta property=\"article:publisher\" content=\"https:\/\/www.facebook.com\/profile.php?id=61572841853565\" \/>\n<meta property=\"article:modified_time\" content=\"2026-03-16T11:37:20+00:00\" \/>\n<meta property=\"og:image\" content=\"https:\/\/www.ladysinmotion.de\/wp-content\/uploads\/2026\/03\/daypass-sa-tickets.png\" \/>\n\t<meta property=\"og:image:width\" content=\"600\" \/>\n\t<meta property=\"og:image:height\" content=\"600\" \/>\n\t<meta property=\"og:image:type\" content=\"image\/png\" \/>\n<meta name=\"twitter:card\" content=\"summary_large_image\" \/>\n<meta name=\"twitter:label1\" content=\"Est. reading time\" \/>\n\t<meta name=\"twitter:data1\" content=\"1 minute\" \/>\n<script type=\"application\/ld+json\" class=\"yoast-schema-graph\">{\"@context\":\"https:\\\/\\\/schema.org\",\"@graph\":[{\"@type\":\"WebPage\",\"@id\":\"https:\\\/\\\/www.ladysinmotion.de\\\/produkt\\\/day-pass-ladys-in-motion-festival-ticket-sa\\\/\",\"url\":\"https:\\\/\\\/www.ladysinmotion.de\\\/produkt\\\/day-pass-ladys-in-motion-festival-ticket-sa\\\/\",\"name\":\"Day Pass \u2013 Ladys in motion Festival Ticket (Sa) - Ladys in motion\",\"isPartOf\":{\"@id\":\"https:\\\/\\\/www.ladysinmotion.de\\\/#website\"},\"primaryImageOfPage\":{\"@id\":\"https:\\\/\\\/www.ladysinmotion.de\\\/produkt\\\/day-pass-ladys-in-motion-festival-ticket-sa\\\/#primaryimage\"},\"image\":{\"@id\":\"https:\\\/\\\/www.ladysinmotion.de\\\/produkt\\\/day-pass-ladys-in-motion-festival-ticket-sa\\\/#primaryimage\"},\"thumbnailUrl\":\"https:\\\/\\\/www.ladysinmotion.de\\\/wp-content\\\/uploads\\\/2026\\\/03\\\/daypass-sa-tickets.png\",\"datePublished\":\"2025-03-02T02:32:26+00:00\",\"dateModified\":\"2026-03-16T11:37:20+00:00\",\"breadcrumb\":{\"@id\":\"https:\\\/\\\/www.ladysinmotion.de\\\/produkt\\\/day-pass-ladys-in-motion-festival-ticket-sa\\\/#breadcrumb\"},\"inLanguage\":\"en-US\",\"potentialAction\":[{\"@type\":\"ReadAction\",\"target\":[\"https:\\\/\\\/www.ladysinmotion.de\\\/produkt\\\/day-pass-ladys-in-motion-festival-ticket-sa\\\/\"]}]},{\"@type\":\"ImageObject\",\"inLanguage\":\"en-US\",\"@id\":\"https:\\\/\\\/www.ladysinmotion.de\\\/produkt\\\/day-pass-ladys-in-motion-festival-ticket-sa\\\/#primaryimage\",\"url\":\"https:\\\/\\\/www.ladysinmotion.de\\\/wp-content\\\/uploads\\\/2026\\\/03\\\/daypass-sa-tickets.png\",\"contentUrl\":\"https:\\\/\\\/www.ladysinmotion.de\\\/wp-content\\\/uploads\\\/2026\\\/03\\\/daypass-sa-tickets.png\",\"width\":600,\"height\":600},{\"@type\":\"BreadcrumbList\",\"@id\":\"https:\\\/\\\/www.ladysinmotion.de\\\/produkt\\\/day-pass-ladys-in-motion-festival-ticket-sa\\\/#breadcrumb\",\"itemListElement\":[{\"@type\":\"ListItem\",\"position\":1,\"name\":\"Startseite\",\"item\":\"https:\\\/\\\/www.ladysinmotion.de\\\/\"},{\"@type\":\"ListItem\",\"position\":2,\"name\":\"Ticket-Shop\",\"item\":\"https:\\\/\\\/www.ladysinmotion.de\\\/shop\\\/\"},{\"@type\":\"ListItem\",\"position\":3,\"name\":\"Day Pass \u2013 Ladys in motion Festival Ticket (Sa)\"}]},{\"@type\":\"WebSite\",\"@id\":\"https:\\\/\\\/www.ladysinmotion.de\\\/#website\",\"url\":\"https:\\\/\\\/www.ladysinmotion.de\\\/\",\"name\":\"Ladys in motion\",\"description\":\"Festival in Bad F\u00fcssing\",\"publisher\":{\"@id\":\"https:\\\/\\\/www.ladysinmotion.de\\\/#organization\"},\"potentialAction\":[{\"@type\":\"SearchAction\",\"target\":{\"@type\":\"EntryPoint\",\"urlTemplate\":\"https:\\\/\\\/www.ladysinmotion.de\\\/?s={search_term_string}\"},\"query-input\":{\"@type\":\"PropertyValueSpecification\",\"valueRequired\":true,\"valueName\":\"search_term_string\"}}],\"inLanguage\":\"en-US\"},{\"@type\":\"Organization\",\"@id\":\"https:\\\/\\\/www.ladysinmotion.de\\\/#organization\",\"name\":\"Ladys in motion\",\"url\":\"https:\\\/\\\/www.ladysinmotion.de\\\/\",\"logo\":{\"@type\":\"ImageObject\",\"inLanguage\":\"en-US\",\"@id\":\"https:\\\/\\\/www.ladysinmotion.de\\\/#\\\/schema\\\/logo\\\/image\\\/\",\"url\":\"https:\\\/\\\/www.ladysinmotion.de\\\/wp-content\\\/uploads\\\/2024\\\/11\\\/Ladys-In-Motion-Logo-1920-x-700-px.jpg\",\"contentUrl\":\"https:\\\/\\\/www.ladysinmotion.de\\\/wp-content\\\/uploads\\\/2024\\\/11\\\/Ladys-In-Motion-Logo-1920-x-700-px.jpg\",\"width\":1920,\"height\":700,\"caption\":\"Ladys in motion\"},\"image\":{\"@id\":\"https:\\\/\\\/www.ladysinmotion.de\\\/#\\\/schema\\\/logo\\\/image\\\/\"},\"sameAs\":[\"https:\\\/\\\/www.facebook.com\\\/profile.php?id=61572841853565\",\"https:\\\/\\\/www.instagram.com\\\/ladysinmotion\\\/\"]}]}<\/script>\n<!-- \/ Yoast SEO plugin. -->","yoast_head_json":{"title":"Day Pass \u2013 Ladys in motion Festival Ticket (Sa) - Ladys in motion","robots":{"index":"index","follow":"follow","max-snippet":"max-snippet:-1","max-image-preview":"max-image-preview:large","max-video-preview":"max-video-preview:-1"},"canonical":"https:\/\/www.ladysinmotion.de\/en\/product\/day-pass-ladys-in-motion-festival-ticket-sa\/","og_locale":"en_US","og_type":"article","og_title":"Day Pass \u2013 Ladys in motion Festival Ticket (Sa) - Ladys in motion","og_description":"Zugang zu allen Workshops &amp; Seminaren am Samstag  Teilnahme am Gala-Abend am Samstag  Perfekt f\u00fcr ein Festival-Erlebnis voller Energie &amp; Tanz  Inspiration durch internationale Tanz- &amp; Fitnesscoaches","og_url":"https:\/\/www.ladysinmotion.de\/en\/product\/day-pass-ladys-in-motion-festival-ticket-sa\/","og_site_name":"Ladys in motion","article_publisher":"https:\/\/www.facebook.com\/profile.php?id=61572841853565","article_modified_time":"2026-03-16T11:37:20+00:00","og_image":[{"width":600,"height":600,"url":"https:\/\/www.ladysinmotion.de\/wp-content\/uploads\/2026\/03\/daypass-sa-tickets.png","type":"image\/png"}],"twitter_card":"summary_large_image","twitter_misc":{"Est. reading time":"1 minute"},"schema":{"@context":"https:\/\/schema.org","@graph":[{"@type":"WebPage","@id":"https:\/\/www.ladysinmotion.de\/produkt\/day-pass-ladys-in-motion-festival-ticket-sa\/","url":"https:\/\/www.ladysinmotion.de\/produkt\/day-pass-ladys-in-motion-festival-ticket-sa\/","name":"Day Pass \u2013 Ladys in motion Festival Ticket (Sa) - Ladys in motion","isPartOf":{"@id":"https:\/\/www.ladysinmotion.de\/#website"},"primaryImageOfPage":{"@id":"https:\/\/www.ladysinmotion.de\/produkt\/day-pass-ladys-in-motion-festival-ticket-sa\/#primaryimage"},"image":{"@id":"https:\/\/www.ladysinmotion.de\/produkt\/day-pass-ladys-in-motion-festival-ticket-sa\/#primaryimage"},"thumbnailUrl":"https:\/\/www.ladysinmotion.de\/wp-content\/uploads\/2026\/03\/daypass-sa-tickets.png","datePublished":"2025-03-02T02:32:26+00:00","dateModified":"2026-03-16T11:37:20+00:00","breadcrumb":{"@id":"https:\/\/www.ladysinmotion.de\/produkt\/day-pass-ladys-in-motion-festival-ticket-sa\/#breadcrumb"},"inLanguage":"en-US","potentialAction":[{"@type":"ReadAction","target":["https:\/\/www.ladysinmotion.de\/produkt\/day-pass-ladys-in-motion-festival-ticket-sa\/"]}]},{"@type":"ImageObject","inLanguage":"en-US","@id":"https:\/\/www.ladysinmotion.de\/produkt\/day-pass-ladys-in-motion-festival-ticket-sa\/#primaryimage","url":"https:\/\/www.ladysinmotion.de\/wp-content\/uploads\/2026\/03\/daypass-sa-tickets.png","contentUrl":"https:\/\/www.ladysinmotion.de\/wp-content\/uploads\/2026\/03\/daypass-sa-tickets.png","width":600,"height":600},{"@type":"BreadcrumbList","@id":"https:\/\/www.ladysinmotion.de\/produkt\/day-pass-ladys-in-motion-festival-ticket-sa\/#breadcrumb","itemListElement":[{"@type":"ListItem","position":1,"name":"Startseite","item":"https:\/\/www.ladysinmotion.de\/"},{"@type":"ListItem","position":2,"name":"Ticket-Shop","item":"https:\/\/www.ladysinmotion.de\/shop\/"},{"@type":"ListItem","position":3,"name":"Day Pass \u2013 Ladys in motion Festival Ticket (Sa)"}]},{"@type":"WebSite","@id":"https:\/\/www.ladysinmotion.de\/#website","url":"https:\/\/www.ladysinmotion.de\/","name":"Ladys in motion","description":"Festival in Bad F\u00fcssing","publisher":{"@id":"https:\/\/www.ladysinmotion.de\/#organization"},"potentialAction":[{"@type":"SearchAction","target":{"@type":"EntryPoint","urlTemplate":"https:\/\/www.ladysinmotion.de\/?s={search_term_string}"},"query-input":{"@type":"PropertyValueSpecification","valueRequired":true,"valueName":"search_term_string"}}],"inLanguage":"en-US"},{"@type":"Organization","@id":"https:\/\/www.ladysinmotion.de\/#organization","name":"Ladys in motion","url":"https:\/\/www.ladysinmotion.de\/","logo":{"@type":"ImageObject","inLanguage":"en-US","@id":"https:\/\/www.ladysinmotion.de\/#\/schema\/logo\/image\/","url":"https:\/\/www.ladysinmotion.de\/wp-content\/uploads\/2024\/11\/Ladys-In-Motion-Logo-1920-x-700-px.jpg","contentUrl":"https:\/\/www.ladysinmotion.de\/wp-content\/uploads\/2024\/11\/Ladys-In-Motion-Logo-1920-x-700-px.jpg","width":1920,"height":700,"caption":"Ladys in motion"},"image":{"@id":"https:\/\/www.ladysinmotion.de\/#\/schema\/logo\/image\/"},"sameAs":["https:\/\/www.facebook.com\/profile.php?id=61572841853565","https:\/\/www.instagram.com\/ladysinmotion\/"]}]}},"jetpack_sharing_enabled":true,"_links":{"self":[{"href":"https:\/\/www.ladysinmotion.de\/en\/wp-json\/wp\/v2\/product\/2108","targetHints":{"allow":["GET"]}}],"collection":[{"href":"https:\/\/www.ladysinmotion.de\/en\/wp-json\/wp\/v2\/product"}],"about":[{"href":"https:\/\/www.ladysinmotion.de\/en\/wp-json\/wp\/v2\/types\/product"}],"replies":[{"embeddable":true,"href":"https:\/\/www.ladysinmotion.de\/en\/wp-json\/wp\/v2\/comments?post=2108"}],"version-history":[{"count":2,"href":"https:\/\/www.ladysinmotion.de\/en\/wp-json\/wp\/v2\/product\/2108\/revisions"}],"predecessor-version":[{"id":6521,"href":"https:\/\/www.ladysinmotion.de\/en\/wp-json\/wp\/v2\/product\/2108\/revisions\/6521"}],"wp:featuredmedia":[{"embeddable":true,"href":"https:\/\/www.ladysinmotion.de\/en\/wp-json\/wp\/v2\/media\/6516"}],"wp:attachment":[{"href":"https:\/\/www.ladysinmotion.de\/en\/wp-json\/wp\/v2\/media?parent=2108"}],"wp:term":[{"taxonomy":"product_brand","embeddable":true,"href":"https:\/\/www.ladysinmotion.de\/en\/wp-json\/wp\/v2\/product_brand?post=2108"},{"taxonomy":"product_cat","embeddable":true,"href":"https:\/\/www.ladysinmotion.de\/en\/wp-json\/wp\/v2\/product_cat?post=2108"},{"taxonomy":"product_tag","embeddable":true,"href":"https:\/\/www.ladysinmotion.de\/en\/wp-json\/wp\/v2\/product_tag?post=2108"}],"curies":[{"name":"wp","href":"https:\/\/api.w.org\/{rel}","templated":true}]}}