{"id":57,"date":"2024-11-27T01:39:47","date_gmt":"2024-11-27T00:39:47","guid":{"rendered":"https:\/\/www.ladysinmotion.de\/?page_id=57"},"modified":"2025-03-30T18:52:55","modified_gmt":"2025-03-30T16:52:55","slug":"widerrufsrecht","status":"publish","type":"page","link":"https:\/\/www.ladysinmotion.de\/en\/widerrufsrecht\/","title":{"rendered":"Widerrufsrecht"},"content":{"rendered":"<div data-elementor-type=\"wp-page\" data-elementor-id=\"57\" class=\"elementor elementor-57\" data-elementor-post-type=\"page\">\n\t\t\t\t<div data-particle_enable=\"false\" data-particle-mobile-disabled=\"false\" class=\"elementor-element elementor-element-853488f e-flex e-con-boxed e-con e-parent\" data-id=\"853488f\" data-element_type=\"container\" data-e-type=\"container\">\n\t\t\t\t\t<div class=\"e-con-inner\">\n\t\t\t\t<div class=\"elementor-element elementor-element-9eb39a8 elementor-widget elementor-widget-html\" data-id=\"9eb39a8\" data-element_type=\"widget\" data-e-type=\"widget\" data-widget_type=\"html.default\">\n\t\t\t\t<div class=\"elementor-widget-container\">\n\t\t\t\t\t<h1>Widerrufsbelehrung<\/h1> \n\n<h2>Widerrufsrecht f\u00fcr Verbraucher<\/h2> \n<p><em>Verbraucher ist jede nat\u00fcrliche Person, die ein Rechtsgesch\u00e4ft zu Zwecken abschlie\u00dft, die \u00fcberwiegend weder ihrer gewerblichen noch ihrer selbst\u00e4ndigen beruflichen T\u00e4tigkeit zugerechnet werden k\u00f6nnen.<\/em><\/p> \n<p>Sie haben das Recht, binnen 14 Tagen ohne Angabe von Gr\u00fcnden diesen Vertrag zu widerrufen. Die Widerrufsfrist betr\u00e4gt 14 Tage ab dem Tag des Vertragsabschlusses.<\/p> \n\n<p><strong>Ausnahme vom Widerrufsrecht:<\/strong><br> \nGem\u00e4\u00df \u00a7 312g Abs. 2 Nr. 9 BGB besteht kein Widerrufsrecht f\u00fcr Vertr\u00e4ge \u00fcber Dienstleistungen im Zusammenhang mit Freizeitbet\u00e4tigungen, wenn der Vertrag f\u00fcr die Erbringung einen spezifischen Termin oder Zeitraum vorsieht. <strong>Dies betrifft insbesondere den Kauf von Tickets f\u00fcr unser Festival \"Ladys in Motion\", da dieses an einem festgelegten Datum stattfindet. Ein Widerruf dieser Tickets ist daher ausgeschlossen.<\/strong><\/p> \n\n<p>Um Ihr Widerrufsrecht f\u00fcr andere Dienstleistungen auszu\u00fcben, m\u00fcssen Sie uns (BF Direkt GmbH, Falkenstrasse 12, 94072 Bad F\u00fcssing, Telefon: +49 8531 948 89 37, E-Mail: info@ladysinmotion.de) mittels einer eindeutigen Erkl\u00e4rung (z. B. ein mit der Post versandter Brief oder eine E-Mail) \u00fcber Ihren Entschluss, diesen Vertrag zu widerrufen, informieren. Sie k\u00f6nnen daf\u00fcr das beigef\u00fcgte Muster-Widerrufsformular verwenden, das jedoch nicht vorgeschrieben ist.<\/p> \n\n<h2>Folgen des Widerrufs<\/h2> \n<p>Wenn Sie diesen Vertrag widerrufen, haben wir Ihnen alle Zahlungen, die wir von Ihnen erhalten haben, einschlie\u00dflich der Lieferkosten (mit Ausnahme der zus\u00e4tzlichen Kosten, die sich daraus ergeben, dass Sie eine andere Art der Lieferung als die von uns angebotene, g\u00fcnstigste Standardlieferung gew\u00e4hlt haben), unverz\u00fcglich und sp\u00e4testens binnen vierzehn Tagen ab dem Tag zur\u00fcckzuzahlen, an dem die Mitteilung \u00fcber Ihren Widerruf dieses Vertrags bei uns eingegangen ist. F\u00fcr diese R\u00fcckzahlung verwenden wir dasselbe Zahlungsmittel, das Sie bei der urspr\u00fcnglichen Transaktion eingesetzt haben, es sei denn, mit Ihnen wurde ausdr\u00fccklich etwas anderes vereinbart; in keinem Fall werden Ihnen wegen dieser R\u00fcckzahlung Entgelte berechnet.<\/p> \n\n<p>Haben Sie verlangt, dass die Dienstleistung w\u00e4hrend der Widerrufsfrist beginnen soll, so haben Sie uns einen angemessenen Betrag zu zahlen, der dem Anteil der bis zu dem Zeitpunkt, zu dem Sie uns von der Aus\u00fcbung des Widerrufsrechts hinsichtlich dieses Vertrags unterrichten, bereits erbrachten Dienstleistungen im Vergleich zum Gesamtumfang der im Vertrag vorgesehenen Dienstleistungen entspricht.<\/p> \n\n<h2>Muster-Widerrufsformular<\/h2> \n<p>Wenn Sie den Vertrag widerrufen wollen, dann f\u00fcllen Sie bitte dieses Formular aus und senden Sie es zur\u00fcck.<\/p> \n\n<p>An<\/p> \n<p>BF Direkt GmbH<br> \nFalkenstrasse 12<br> \n94072 Bad F\u00fcssing<br> \nE-Mail: info@ladysinmotion.de<\/p> \n<p>Hiermit widerrufe(n) ich\/wir den von mir\/uns abgeschlossenen Vertrag \u00fcber die Erbringung der folgenden Dienstleistung (Bezeichnung, ggf. Bestellnummer und Preis):<\/p> \n<p>..............................................................................<\/p> \n<p>..............................................................................<\/p> \n<p>Bestellt am (Datum):<\/p> \n<p>.............................<\/p> \n<p>Erhalten am (Datum):<\/p> \n<p>.............................<\/p> \n<p>Name und Anschrift des Verbrauchers:<\/p> \n<p>.............................<\/p> \n<p>.............................<\/p> \n<p>.............................<\/p> \n<p>.............................<\/p> \n<p>Datum:<\/p> \n<p>....................................................<\/p> \n<p>Unterschrift Kunde (nur bei schriftlichem Widerruf):<\/p> \n<p>....................................................<\/p>\t\t\t\t<\/div>\n\t\t\t\t<\/div>\n\t\t\t\t\t<\/div>\n\t\t\t\t<\/div>\n\t\t\t\t<\/div>","protected":false},"excerpt":{"rendered":"<p>Widerrufsbelehrung Widerrufsrecht f\u00fcr Verbraucher Verbraucher ist jede nat\u00fcrliche Person, die ein Rechtsgesch\u00e4ft zu Zwecken abschlie\u00dft, die \u00fcberwiegend weder ihrer gewerblichen noch ihrer selbst\u00e4ndigen beruflichen T\u00e4tigkeit zugerechnet werden k\u00f6nnen. Sie haben das Recht, binnen 14 Tagen ohne Angabe von Gr\u00fcnden diesen Vertrag zu widerrufen. Die Widerrufsfrist betr\u00e4gt 14 Tage ab dem Tag des Vertragsabschlusses. Ausnahme vom [&hellip;]<\/p>\n","protected":false},"author":98,"featured_media":0,"parent":0,"menu_order":0,"comment_status":"closed","ping_status":"closed","template":"","meta":{"footnotes":""},"class_list":["post-57","page","type-page","status-publish","hentry"],"yoast_head":"<!-- This site is optimized with the Yoast SEO plugin v27.4 - https:\/\/yoast.com\/product\/yoast-seo-wordpress\/ -->\n<title>Widerrufsrecht - Ladys in motion<\/title>\n<meta name=\"robots\" content=\"noindex, nofollow\" \/>\n<meta property=\"og:locale\" content=\"en_US\" \/>\n<meta property=\"og:type\" content=\"article\" \/>\n<meta property=\"og:title\" content=\"Widerrufsrecht - Ladys in motion\" \/>\n<meta property=\"og:description\" content=\"Widerrufsbelehrung Widerrufsrecht f\u00fcr Verbraucher Verbraucher ist jede nat\u00fcrliche Person, die ein Rechtsgesch\u00e4ft zu Zwecken abschlie\u00dft, die \u00fcberwiegend weder ihrer gewerblichen noch ihrer selbst\u00e4ndigen beruflichen T\u00e4tigkeit zugerechnet werden k\u00f6nnen. Sie haben das Recht, binnen 14 Tagen ohne Angabe von Gr\u00fcnden diesen Vertrag zu widerrufen. Die Widerrufsfrist betr\u00e4gt 14 Tage ab dem Tag des Vertragsabschlusses. Ausnahme vom [&hellip;]\" \/>\n<meta property=\"og:url\" content=\"https:\/\/www.ladysinmotion.de\/en\/widerrufsrecht\/\" \/>\n<meta property=\"og:site_name\" content=\"Ladys in motion\" \/>\n<meta property=\"article:publisher\" content=\"https:\/\/www.facebook.com\/profile.php?id=61572841853565\" \/>\n<meta property=\"article:modified_time\" content=\"2025-03-30T16:52:55+00:00\" \/>\n<meta name=\"twitter:card\" content=\"summary_large_image\" \/>\n<meta name=\"twitter:label1\" content=\"Est. reading time\" \/>\n\t<meta name=\"twitter:data1\" content=\"3 minutes\" \/>\n<script type=\"application\/ld+json\" class=\"yoast-schema-graph\">{\"@context\":\"https:\\\/\\\/schema.org\",\"@graph\":[{\"@type\":\"WebPage\",\"@id\":\"https:\\\/\\\/www.ladysinmotion.de\\\/widerrufsrecht\\\/\",\"url\":\"https:\\\/\\\/www.ladysinmotion.de\\\/widerrufsrecht\\\/\",\"name\":\"Widerrufsrecht - Ladys in motion\",\"isPartOf\":{\"@id\":\"https:\\\/\\\/www.ladysinmotion.de\\\/#website\"},\"datePublished\":\"2024-11-27T00:39:47+00:00\",\"dateModified\":\"2025-03-30T16:52:55+00:00\",\"breadcrumb\":{\"@id\":\"https:\\\/\\\/www.ladysinmotion.de\\\/widerrufsrecht\\\/#breadcrumb\"},\"inLanguage\":\"en-US\",\"potentialAction\":[{\"@type\":\"ReadAction\",\"target\":[\"https:\\\/\\\/www.ladysinmotion.de\\\/widerrufsrecht\\\/\"]}]},{\"@type\":\"BreadcrumbList\",\"@id\":\"https:\\\/\\\/www.ladysinmotion.de\\\/widerrufsrecht\\\/#breadcrumb\",\"itemListElement\":[{\"@type\":\"ListItem\",\"position\":1,\"name\":\"Startseite\",\"item\":\"https:\\\/\\\/www.ladysinmotion.de\\\/\"},{\"@type\":\"ListItem\",\"position\":2,\"name\":\"Widerrufsrecht\"}]},{\"@type\":\"WebSite\",\"@id\":\"https:\\\/\\\/www.ladysinmotion.de\\\/#website\",\"url\":\"https:\\\/\\\/www.ladysinmotion.de\\\/\",\"name\":\"Ladys in motion\",\"description\":\"Festival in Bad F\u00fcssing\",\"publisher\":{\"@id\":\"https:\\\/\\\/www.ladysinmotion.de\\\/#organization\"},\"potentialAction\":[{\"@type\":\"SearchAction\",\"target\":{\"@type\":\"EntryPoint\",\"urlTemplate\":\"https:\\\/\\\/www.ladysinmotion.de\\\/?s={search_term_string}\"},\"query-input\":{\"@type\":\"PropertyValueSpecification\",\"valueRequired\":true,\"valueName\":\"search_term_string\"}}],\"inLanguage\":\"en-US\"},{\"@type\":\"Organization\",\"@id\":\"https:\\\/\\\/www.ladysinmotion.de\\\/#organization\",\"name\":\"Ladys in motion\",\"url\":\"https:\\\/\\\/www.ladysinmotion.de\\\/\",\"logo\":{\"@type\":\"ImageObject\",\"inLanguage\":\"en-US\",\"@id\":\"https:\\\/\\\/www.ladysinmotion.de\\\/#\\\/schema\\\/logo\\\/image\\\/\",\"url\":\"https:\\\/\\\/www.ladysinmotion.de\\\/wp-content\\\/uploads\\\/2024\\\/11\\\/Ladys-In-Motion-Logo-1920-x-700-px.jpg\",\"contentUrl\":\"https:\\\/\\\/www.ladysinmotion.de\\\/wp-content\\\/uploads\\\/2024\\\/11\\\/Ladys-In-Motion-Logo-1920-x-700-px.jpg\",\"width\":1920,\"height\":700,\"caption\":\"Ladys in motion\"},\"image\":{\"@id\":\"https:\\\/\\\/www.ladysinmotion.de\\\/#\\\/schema\\\/logo\\\/image\\\/\"},\"sameAs\":[\"https:\\\/\\\/www.facebook.com\\\/profile.php?id=61572841853565\",\"https:\\\/\\\/www.instagram.com\\\/ladysinmotion\\\/\"]}]}<\/script>\n<!-- \/ Yoast SEO plugin. -->","yoast_head_json":{"title":"Widerrufsrecht - Ladys in motion","robots":{"index":"noindex","follow":"nofollow"},"og_locale":"en_US","og_type":"article","og_title":"Widerrufsrecht - Ladys in motion","og_description":"Widerrufsbelehrung Widerrufsrecht f\u00fcr Verbraucher Verbraucher ist jede nat\u00fcrliche Person, die ein Rechtsgesch\u00e4ft zu Zwecken abschlie\u00dft, die \u00fcberwiegend weder ihrer gewerblichen noch ihrer selbst\u00e4ndigen beruflichen T\u00e4tigkeit zugerechnet werden k\u00f6nnen. Sie haben das Recht, binnen 14 Tagen ohne Angabe von Gr\u00fcnden diesen Vertrag zu widerrufen. Die Widerrufsfrist betr\u00e4gt 14 Tage ab dem Tag des Vertragsabschlusses. Ausnahme vom [&hellip;]","og_url":"https:\/\/www.ladysinmotion.de\/en\/widerrufsrecht\/","og_site_name":"Ladys in motion","article_publisher":"https:\/\/www.facebook.com\/profile.php?id=61572841853565","article_modified_time":"2025-03-30T16:52:55+00:00","twitter_card":"summary_large_image","twitter_misc":{"Est. reading time":"3 minutes"},"schema":{"@context":"https:\/\/schema.org","@graph":[{"@type":"WebPage","@id":"https:\/\/www.ladysinmotion.de\/widerrufsrecht\/","url":"https:\/\/www.ladysinmotion.de\/widerrufsrecht\/","name":"Widerrufsrecht - Ladys in motion","isPartOf":{"@id":"https:\/\/www.ladysinmotion.de\/#website"},"datePublished":"2024-11-27T00:39:47+00:00","dateModified":"2025-03-30T16:52:55+00:00","breadcrumb":{"@id":"https:\/\/www.ladysinmotion.de\/widerrufsrecht\/#breadcrumb"},"inLanguage":"en-US","potentialAction":[{"@type":"ReadAction","target":["https:\/\/www.ladysinmotion.de\/widerrufsrecht\/"]}]},{"@type":"BreadcrumbList","@id":"https:\/\/www.ladysinmotion.de\/widerrufsrecht\/#breadcrumb","itemListElement":[{"@type":"ListItem","position":1,"name":"Startseite","item":"https:\/\/www.ladysinmotion.de\/"},{"@type":"ListItem","position":2,"name":"Widerrufsrecht"}]},{"@type":"WebSite","@id":"https:\/\/www.ladysinmotion.de\/#website","url":"https:\/\/www.ladysinmotion.de\/","name":"Ladys in motion","description":"Festival in Bad F\u00fcssing","publisher":{"@id":"https:\/\/www.ladysinmotion.de\/#organization"},"potentialAction":[{"@type":"SearchAction","target":{"@type":"EntryPoint","urlTemplate":"https:\/\/www.ladysinmotion.de\/?s={search_term_string}"},"query-input":{"@type":"PropertyValueSpecification","valueRequired":true,"valueName":"search_term_string"}}],"inLanguage":"en-US"},{"@type":"Organization","@id":"https:\/\/www.ladysinmotion.de\/#organization","name":"Ladys in motion","url":"https:\/\/www.ladysinmotion.de\/","logo":{"@type":"ImageObject","inLanguage":"en-US","@id":"https:\/\/www.ladysinmotion.de\/#\/schema\/logo\/image\/","url":"https:\/\/www.ladysinmotion.de\/wp-content\/uploads\/2024\/11\/Ladys-In-Motion-Logo-1920-x-700-px.jpg","contentUrl":"https:\/\/www.ladysinmotion.de\/wp-content\/uploads\/2024\/11\/Ladys-In-Motion-Logo-1920-x-700-px.jpg","width":1920,"height":700,"caption":"Ladys in motion"},"image":{"@id":"https:\/\/www.ladysinmotion.de\/#\/schema\/logo\/image\/"},"sameAs":["https:\/\/www.facebook.com\/profile.php?id=61572841853565","https:\/\/www.instagram.com\/ladysinmotion\/"]}]}},"jetpack_sharing_enabled":true,"_links":{"self":[{"href":"https:\/\/www.ladysinmotion.de\/en\/wp-json\/wp\/v2\/pages\/57","targetHints":{"allow":["GET"]}}],"collection":[{"href":"https:\/\/www.ladysinmotion.de\/en\/wp-json\/wp\/v2\/pages"}],"about":[{"href":"https:\/\/www.ladysinmotion.de\/en\/wp-json\/wp\/v2\/types\/page"}],"author":[{"embeddable":true,"href":"https:\/\/www.ladysinmotion.de\/en\/wp-json\/wp\/v2\/users\/98"}],"replies":[{"embeddable":true,"href":"https:\/\/www.ladysinmotion.de\/en\/wp-json\/wp\/v2\/comments?post=57"}],"version-history":[{"count":0,"href":"https:\/\/www.ladysinmotion.de\/en\/wp-json\/wp\/v2\/pages\/57\/revisions"}],"wp:attachment":[{"href":"https:\/\/www.ladysinmotion.de\/en\/wp-json\/wp\/v2\/media?parent=57"}],"curies":[{"name":"wp","href":"https:\/\/api.w.org\/{rel}","templated":true}]}}