{"id":53,"date":"2024-11-27T01:39:11","date_gmt":"2024-11-27T00:39:11","guid":{"rendered":"https:\/\/www.ladysinmotion.de\/?page_id=53"},"modified":"2025-08-09T14:25:01","modified_gmt":"2025-08-09T12:25:01","slug":"impressum","status":"publish","type":"page","link":"https:\/\/www.ladysinmotion.de\/en\/impressum\/","title":{"rendered":"Impressum"},"content":{"rendered":"<div data-elementor-type=\"wp-page\" data-elementor-id=\"53\" class=\"elementor elementor-53\" data-elementor-post-type=\"page\">\n\t\t\t\t<div data-particle_enable=\"false\" data-particle-mobile-disabled=\"false\" class=\"elementor-element elementor-element-da332e3 e-flex e-con-boxed e-con e-parent\" data-id=\"da332e3\" data-element_type=\"container\" data-e-type=\"container\">\n\t\t\t\t\t<div class=\"e-con-inner\">\n\t\t\t\t<div class=\"elementor-element elementor-element-57202b4 elementor-widget elementor-widget-erecht24\" data-id=\"57202b4\" data-element_type=\"widget\" data-e-type=\"widget\" data-widget_type=\"erecht24.default\">\n\t\t\t\t<div class=\"elementor-widget-container\">\n\t\t\t\t\t<div class=\"erecht24-elementor-widget\"><div style=\"word-wrap: break-word;\"><h1>Impressum<\/h1>\n\n<p>BF Direkt GmbH powered by Kur- &amp; Gewerbeverein<br \/>\nFalkenstrasse 12<br \/>\n94072 Bad F&uuml;ssing<\/p>\n\n<p>Handelsregister: HRB 8910<br \/>\nRegistergericht: Passau<\/p>\n\n<p><strong>Vertreten durch:<\/strong><br \/>\nNina Jungbauer<\/p>\n\n<h2>Kontakt<\/h2>\n<p>Telefon: + 49 8531 948 89 37<br \/>\nE-Mail: info@ladysinmotion.de<\/p>\n\n<h2>Umsatzsteuer-ID<\/h2>\n<p>Umsatzsteuer-Identifikationsnummer gem&auml;&szlig; &sect; 27 a Umsatzsteuergesetz:<br \/>\nDE291216561<\/p>\n\n<h2>Redaktionell verantwortlich<\/h2>\n<p>Nina Jungbauer<br \/>\r\nBF Direkt GmbH<br \/>\r\nFalkenstrasse 12<br \/>\r\n94072 Bad F&uuml;ssing<\/p>\n\n<h2>EU-Streitschlichtung<\/h2>\n<p>Die Europ&auml;ische Kommission stellt eine Plattform zur Online-Streitbeilegung (OS) bereit: <a href=\"https:\/\/ec.europa.eu\/consumers\/odr\/\" target=\"_blank\" rel=\"noopener noreferrer\">https:\/\/ec.europa.eu\/consumers\/odr\/<\/a>.<br \/> Unsere E-Mail-Adresse finden Sie oben im Impressum.<\/p>\n\n<h2>Verbraucher&shy;streit&shy;beilegung\/Universal&shy;schlichtungs&shy;stelle<\/h2>\n<p>Wir sind nicht bereit oder verpflichtet, an Streitbeilegungsverfahren vor einer Verbraucherschlichtungsstelle teilzunehmen.<\/p><\/div><\/div>\t\t\t\t<\/div>\n\t\t\t\t<\/div>\n\t\t\t\t<div class=\"elementor-element elementor-element-85e9cca elementor-widget elementor-widget-html\" data-id=\"85e9cca\" data-element_type=\"widget\" data-e-type=\"widget\" data-widget_type=\"html.default\">\n\t\t\t\t<div class=\"elementor-widget-container\">\n\t\t\t\t\t<h3>Haftung f\u00fcr Inhalte<\/h3>\n<p>Als Diensteanbieter sind wir gem\u00e4\u00df \u00a7 7 Abs. 1 DDG (Digitale-Dienste-Gesetz) f\u00fcr eigene Inhalte auf diesen Seiten nach den allgemeinen Gesetzen verantwortlich. Nach den \u00a7\u00a7 8 bis 10 DDG sind wir als Diensteanbieter jedoch nicht verpflichtet, \u00fcbermittelte oder gespeicherte fremde Informationen zu \u00fcberwachen oder nach Umst\u00e4nden zu forschen, die auf eine rechtswidrige T\u00e4tigkeit hinweisen.<\/p>\n<p>Verpflichtungen zur Entfernung oder Sperrung der Nutzung von Informationen nach den allgemeinen Gesetzen bleiben hiervon unber\u00fchrt. Eine diesbez\u00fcgliche Haftung ist jedoch erst ab dem Zeitpunkt der Kenntnis einer konkreten Rechtsverletzung m\u00f6glich. Bei Bekanntwerden von entsprechenden Rechtsverletzungen werden wir diese Inhalte umgehend entfernen.<\/p>\n\n<h3>Haftung f\u00fcr Links<\/h3>\n<p>Unser Angebot enth\u00e4lt Links zu externen Webseiten Dritter, auf deren Inhalte wir keinen Einfluss haben. Deshalb k\u00f6nnen wir f\u00fcr diese fremden Inhalte auch keine Gew\u00e4hr \u00fcbernehmen. F\u00fcr die Inhalte der verlinkten Seiten ist stets der jeweilige Anbieter oder Betreiber der Seiten verantwortlich. Die verlinkten Seiten wurden zum Zeitpunkt der Verlinkung auf m\u00f6gliche Rechtsverst\u00f6\u00dfe \u00fcberpr\u00fcft. Rechtswidrige Inhalte waren zum Zeitpunkt der Verlinkung nicht erkennbar.<\/p>\n<p>Eine permanente inhaltliche Kontrolle der verlinkten Seiten ist jedoch ohne konkrete Anhaltspunkte einer Rechtsverletzung nicht zumutbar. Bei Bekanntwerden von Rechtsverletzungen werden wir derartige Links umgehend entfernen.<\/p>\n\n<h3>Urheberrecht &amp; Nutzungsrechte<\/h3>\n<p>Die durch <strong>Marketing-Brand\u00ae | Leon H\u00fcttl, Maximilianstra\u00dfe 46, 75172 Pforzheim<\/strong> erstellten Inhalte, Designs und technischen Umsetzungen dieser Webseite unterliegen dem deutschen Urheberrecht. Sofern nicht ausdr\u00fccklich anders vereinbart, verbleiben alle Urheberrechte an individuell erstellten Layouts, Texten, Programmierungen und sonstigen kreativen Leistungen bei der Agentur.<\/p>\n<p>Dem Seitenbetreiber wurde im Rahmen der Zusammenarbeit ein einfaches, nicht ausschlie\u00dfliches und nicht \u00fcbertragbares Nutzungsrecht zur Verwendung der Webseite f\u00fcr eigene Zwecke einger\u00e4umt. Weitere Nutzungen \u2013 insbesondere eine Bearbeitung oder Weitergabe an Dritte \u2013 bed\u00fcrfen einer gesonderten Vereinbarung mit Marketing-Brand\u00ae.<\/p>\n<p>Soweit Inhalte auf dieser Seite nicht von uns erstellt wurden, werden die Urheberrechte Dritter beachtet. Insbesondere werden Inhalte Dritter als solche gekennzeichnet. Solltest du trotzdem auf eine Urheberrechtsverletzung aufmerksam werden, bitten wir um einen entsprechenden Hinweis. Bei Bekanntwerden von Rechtsverletzungen werden wir derartige Inhalte umgehend entfernen.<\/p>\n\n<p><strong>Stand:<\/strong> M\u00e4rz 2025<\/p>\n\t\t\t\t<\/div>\n\t\t\t\t<\/div>\n\t\t\t\t\t<\/div>\n\t\t\t\t<\/div>\n\t\t\t\t<\/div>","protected":false},"excerpt":{"rendered":"<p>Impressum BF Direkt GmbH powered by Kur- &amp; Gewerbeverein Falkenstrasse 12 94072 Bad F&uuml;ssing Handelsregister: HRB 8910 Registergericht: Passau Vertreten durch: Nina Jungbauer Kontakt Telefon: + 49 8531 948 89 37 E-Mail: info@ladysinmotion.de Umsatzsteuer-ID Umsatzsteuer-Identifikationsnummer gem&auml;&szlig; &sect; 27 a Umsatzsteuergesetz: DE291216561 Redaktionell verantwortlich Nina Jungbauer BF Direkt GmbH Falkenstrasse 12 94072 Bad F&uuml;ssing EU-Streitschlichtung Die [&hellip;]<\/p>\n","protected":false},"author":98,"featured_media":0,"parent":0,"menu_order":0,"comment_status":"closed","ping_status":"closed","template":"","meta":{"footnotes":""},"class_list":["post-53","page","type-page","status-publish","hentry"],"yoast_head":"<!-- This site is optimized with the Yoast SEO plugin v27.4 - https:\/\/yoast.com\/product\/yoast-seo-wordpress\/ -->\n<title>Impressum - Ladys in motion<\/title>\n<meta name=\"robots\" content=\"noindex, nofollow\" \/>\n<meta property=\"og:locale\" content=\"en_US\" \/>\n<meta property=\"og:type\" content=\"article\" \/>\n<meta property=\"og:title\" content=\"Impressum - Ladys in motion\" \/>\n<meta property=\"og:description\" content=\"Impressum BF Direkt GmbH powered by Kur- &amp; Gewerbeverein Falkenstrasse 12 94072 Bad F&uuml;ssing Handelsregister: HRB 8910 Registergericht: Passau Vertreten durch: Nina Jungbauer Kontakt Telefon: + 49 8531 948 89 37 E-Mail: info@ladysinmotion.de Umsatzsteuer-ID Umsatzsteuer-Identifikationsnummer gem&auml;&szlig; &sect; 27 a Umsatzsteuergesetz: DE291216561 Redaktionell verantwortlich Nina Jungbauer BF Direkt GmbH Falkenstrasse 12 94072 Bad F&uuml;ssing EU-Streitschlichtung Die [&hellip;]\" \/>\n<meta property=\"og:url\" content=\"https:\/\/www.ladysinmotion.de\/en\/impressum\/\" \/>\n<meta property=\"og:site_name\" content=\"Ladys in motion\" \/>\n<meta property=\"article:publisher\" content=\"https:\/\/www.facebook.com\/profile.php?id=61572841853565\" \/>\n<meta property=\"article:modified_time\" content=\"2025-08-09T12:25:01+00:00\" \/>\n<meta name=\"twitter:card\" content=\"summary_large_image\" \/>\n<meta name=\"twitter:label1\" content=\"Est. reading time\" \/>\n\t<meta name=\"twitter:data1\" content=\"3 minutes\" \/>\n<script type=\"application\/ld+json\" class=\"yoast-schema-graph\">{\"@context\":\"https:\\\/\\\/schema.org\",\"@graph\":[{\"@type\":\"WebPage\",\"@id\":\"https:\\\/\\\/www.ladysinmotion.de\\\/impressum\\\/\",\"url\":\"https:\\\/\\\/www.ladysinmotion.de\\\/impressum\\\/\",\"name\":\"Impressum - Ladys in motion\",\"isPartOf\":{\"@id\":\"https:\\\/\\\/www.ladysinmotion.de\\\/#website\"},\"datePublished\":\"2024-11-27T00:39:11+00:00\",\"dateModified\":\"2025-08-09T12:25:01+00:00\",\"breadcrumb\":{\"@id\":\"https:\\\/\\\/www.ladysinmotion.de\\\/impressum\\\/#breadcrumb\"},\"inLanguage\":\"en-US\",\"potentialAction\":[{\"@type\":\"ReadAction\",\"target\":[\"https:\\\/\\\/www.ladysinmotion.de\\\/impressum\\\/\"]}]},{\"@type\":\"BreadcrumbList\",\"@id\":\"https:\\\/\\\/www.ladysinmotion.de\\\/impressum\\\/#breadcrumb\",\"itemListElement\":[{\"@type\":\"ListItem\",\"position\":1,\"name\":\"Startseite\",\"item\":\"https:\\\/\\\/www.ladysinmotion.de\\\/\"},{\"@type\":\"ListItem\",\"position\":2,\"name\":\"Impressum\"}]},{\"@type\":\"WebSite\",\"@id\":\"https:\\\/\\\/www.ladysinmotion.de\\\/#website\",\"url\":\"https:\\\/\\\/www.ladysinmotion.de\\\/\",\"name\":\"Ladys in motion\",\"description\":\"Festival in Bad F\u00fcssing\",\"publisher\":{\"@id\":\"https:\\\/\\\/www.ladysinmotion.de\\\/#organization\"},\"potentialAction\":[{\"@type\":\"SearchAction\",\"target\":{\"@type\":\"EntryPoint\",\"urlTemplate\":\"https:\\\/\\\/www.ladysinmotion.de\\\/?s={search_term_string}\"},\"query-input\":{\"@type\":\"PropertyValueSpecification\",\"valueRequired\":true,\"valueName\":\"search_term_string\"}}],\"inLanguage\":\"en-US\"},{\"@type\":\"Organization\",\"@id\":\"https:\\\/\\\/www.ladysinmotion.de\\\/#organization\",\"name\":\"Ladys in motion\",\"url\":\"https:\\\/\\\/www.ladysinmotion.de\\\/\",\"logo\":{\"@type\":\"ImageObject\",\"inLanguage\":\"en-US\",\"@id\":\"https:\\\/\\\/www.ladysinmotion.de\\\/#\\\/schema\\\/logo\\\/image\\\/\",\"url\":\"https:\\\/\\\/www.ladysinmotion.de\\\/wp-content\\\/uploads\\\/2024\\\/11\\\/Ladys-In-Motion-Logo-1920-x-700-px.jpg\",\"contentUrl\":\"https:\\\/\\\/www.ladysinmotion.de\\\/wp-content\\\/uploads\\\/2024\\\/11\\\/Ladys-In-Motion-Logo-1920-x-700-px.jpg\",\"width\":1920,\"height\":700,\"caption\":\"Ladys in motion\"},\"image\":{\"@id\":\"https:\\\/\\\/www.ladysinmotion.de\\\/#\\\/schema\\\/logo\\\/image\\\/\"},\"sameAs\":[\"https:\\\/\\\/www.facebook.com\\\/profile.php?id=61572841853565\",\"https:\\\/\\\/www.instagram.com\\\/ladysinmotion\\\/\"]}]}<\/script>\n<!-- \/ Yoast SEO plugin. -->","yoast_head_json":{"title":"Impressum - Ladys in motion","robots":{"index":"noindex","follow":"nofollow"},"og_locale":"en_US","og_type":"article","og_title":"Impressum - Ladys in motion","og_description":"Impressum BF Direkt GmbH powered by Kur- &amp; Gewerbeverein Falkenstrasse 12 94072 Bad F&uuml;ssing Handelsregister: HRB 8910 Registergericht: Passau Vertreten durch: Nina Jungbauer Kontakt Telefon: + 49 8531 948 89 37 E-Mail: info@ladysinmotion.de Umsatzsteuer-ID Umsatzsteuer-Identifikationsnummer gem&auml;&szlig; &sect; 27 a Umsatzsteuergesetz: DE291216561 Redaktionell verantwortlich Nina Jungbauer BF Direkt GmbH Falkenstrasse 12 94072 Bad F&uuml;ssing EU-Streitschlichtung Die [&hellip;]","og_url":"https:\/\/www.ladysinmotion.de\/en\/impressum\/","og_site_name":"Ladys in motion","article_publisher":"https:\/\/www.facebook.com\/profile.php?id=61572841853565","article_modified_time":"2025-08-09T12:25:01+00:00","twitter_card":"summary_large_image","twitter_misc":{"Est. reading time":"3 minutes"},"schema":{"@context":"https:\/\/schema.org","@graph":[{"@type":"WebPage","@id":"https:\/\/www.ladysinmotion.de\/impressum\/","url":"https:\/\/www.ladysinmotion.de\/impressum\/","name":"Impressum - Ladys in motion","isPartOf":{"@id":"https:\/\/www.ladysinmotion.de\/#website"},"datePublished":"2024-11-27T00:39:11+00:00","dateModified":"2025-08-09T12:25:01+00:00","breadcrumb":{"@id":"https:\/\/www.ladysinmotion.de\/impressum\/#breadcrumb"},"inLanguage":"en-US","potentialAction":[{"@type":"ReadAction","target":["https:\/\/www.ladysinmotion.de\/impressum\/"]}]},{"@type":"BreadcrumbList","@id":"https:\/\/www.ladysinmotion.de\/impressum\/#breadcrumb","itemListElement":[{"@type":"ListItem","position":1,"name":"Startseite","item":"https:\/\/www.ladysinmotion.de\/"},{"@type":"ListItem","position":2,"name":"Impressum"}]},{"@type":"WebSite","@id":"https:\/\/www.ladysinmotion.de\/#website","url":"https:\/\/www.ladysinmotion.de\/","name":"Ladys in motion","description":"Festival in Bad F\u00fcssing","publisher":{"@id":"https:\/\/www.ladysinmotion.de\/#organization"},"potentialAction":[{"@type":"SearchAction","target":{"@type":"EntryPoint","urlTemplate":"https:\/\/www.ladysinmotion.de\/?s={search_term_string}"},"query-input":{"@type":"PropertyValueSpecification","valueRequired":true,"valueName":"search_term_string"}}],"inLanguage":"en-US"},{"@type":"Organization","@id":"https:\/\/www.ladysinmotion.de\/#organization","name":"Ladys in motion","url":"https:\/\/www.ladysinmotion.de\/","logo":{"@type":"ImageObject","inLanguage":"en-US","@id":"https:\/\/www.ladysinmotion.de\/#\/schema\/logo\/image\/","url":"https:\/\/www.ladysinmotion.de\/wp-content\/uploads\/2024\/11\/Ladys-In-Motion-Logo-1920-x-700-px.jpg","contentUrl":"https:\/\/www.ladysinmotion.de\/wp-content\/uploads\/2024\/11\/Ladys-In-Motion-Logo-1920-x-700-px.jpg","width":1920,"height":700,"caption":"Ladys in motion"},"image":{"@id":"https:\/\/www.ladysinmotion.de\/#\/schema\/logo\/image\/"},"sameAs":["https:\/\/www.facebook.com\/profile.php?id=61572841853565","https:\/\/www.instagram.com\/ladysinmotion\/"]}]}},"jetpack_sharing_enabled":true,"_links":{"self":[{"href":"https:\/\/www.ladysinmotion.de\/en\/wp-json\/wp\/v2\/pages\/53","targetHints":{"allow":["GET"]}}],"collection":[{"href":"https:\/\/www.ladysinmotion.de\/en\/wp-json\/wp\/v2\/pages"}],"about":[{"href":"https:\/\/www.ladysinmotion.de\/en\/wp-json\/wp\/v2\/types\/page"}],"author":[{"embeddable":true,"href":"https:\/\/www.ladysinmotion.de\/en\/wp-json\/wp\/v2\/users\/98"}],"replies":[{"embeddable":true,"href":"https:\/\/www.ladysinmotion.de\/en\/wp-json\/wp\/v2\/comments?post=53"}],"version-history":[{"count":0,"href":"https:\/\/www.ladysinmotion.de\/en\/wp-json\/wp\/v2\/pages\/53\/revisions"}],"wp:attachment":[{"href":"https:\/\/www.ladysinmotion.de\/en\/wp-json\/wp\/v2\/media?parent=53"}],"curies":[{"name":"wp","href":"https:\/\/api.w.org\/{rel}","templated":true}]}}