{"id":39,"date":"2024-11-27T01:13:13","date_gmt":"2024-11-27T00:13:13","guid":{"rendered":"https:\/\/www.ladysinmotion.de\/terms_and_conditions\/"},"modified":"2025-03-30T18:51:40","modified_gmt":"2025-03-30T16:51:40","slug":"agbs-und-kundeninformationen","status":"publish","type":"page","link":"https:\/\/www.ladysinmotion.de\/en\/agbs-und-kundeninformationen\/","title":{"rendered":"AGB&#8217;s und Kundeninformationen"},"content":{"rendered":"<div data-elementor-type=\"wp-page\" data-elementor-id=\"39\" class=\"elementor elementor-39\" data-elementor-post-type=\"page\">\n\t\t\t\t<div data-particle_enable=\"false\" data-particle-mobile-disabled=\"false\" class=\"elementor-element elementor-element-2e01470 e-flex e-con-boxed e-con e-parent\" data-id=\"2e01470\" data-element_type=\"container\" data-e-type=\"container\">\n\t\t\t\t\t<div class=\"e-con-inner\">\n\t\t\t\t<div class=\"elementor-element elementor-element-649ffdf elementor-widget elementor-widget-html\" data-id=\"649ffdf\" data-element_type=\"widget\" data-e-type=\"widget\" data-widget_type=\"html.default\">\n\t\t\t\t<div class=\"elementor-widget-container\">\n\t\t\t\t\t<h1>Allgemeine Gesch\u00e4ftsbedingungen<\/h1> <p>f\u00fcr den Online-Shop unter der URL<\/p> <p><a href=\"https:\/\/www.ladysinmotion.de\/en\/\">https:\/\/www.ladysinmotion.de<\/a><\/p>\n <p>betrieben von<\/p> <p>BF Direkt GmbH<br \/>\nFalkenstrasse 12<br \/>\n94072 Bad F&uuml;ssing<br \/>\nE-Mail: <a href=\"\/en\/info@ladysinmotion.de\/\">info@ladysinmotion.de<\/a><br \/>\nTelefonnummer: + 49 8531 948 89 37<\/p> <p>- im Folgenden: Anbieter -<\/p> <p>&nbsp;<\/p>\n<h2>1. Geltungsbereich<\/h2> <p>Diese Allgemeinen Gesch&auml;ftsbedingungen (AGB) gelten nach ihrer Einbeziehung f&uuml;r alle Vertragsschl&uuml;sse &uuml;ber den Erwerb von Waren, Dienstleistungen oder sonstigen G&uuml;tern (nachfolgend &bdquo;Waren&ldquo;) im Online-Shop unter der o.g. URL in ihrer zum Zeitpunkt des Vertragsschlusses g&uuml;ltigen Fassung. Diese AGB gelten ausschlie&szlig;lich. Abweichende AGB des Kunden werden nicht Vertragsbestandteil, es sei denn, der Anbieter stimmt diesen ausdr&uuml;cklich zu.<\/p><h2>2. Vertragsschluss<\/h2> <p>2.1 Die Angebote im Online-Shop stellen eine unverbindliche Aufforderung des Anbieters an die Online-Shop-Besucher zur Abgabe eines Angebots zum Erwerb der im Shop angebotenen Waren dar.<\/p> <p>2.2 Die Bestellung der Ware(n) erfolgt &uuml;ber das Online-Bestellformular des Anbieters. Nach der Auswahl der gew&uuml;nschten Ware(n), der Eingabe aller abgefragten Pflichtinformationen und dem Durchlaufen aller anderen verpflichtenden Schritte im Bestellprozess, k&ouml;nnen die ausgew&auml;hlten Waren durch das Bet&auml;tigen des Bestell-Buttons am Ende der Checkout-Seite bestellt werden (Bestellung). Durch die Bestellung gibt der Kunde ein verbindliches Vertragsangebot zum Erwerb der ausgew&auml;hlten Ware(n) ab. Der Vertragsschluss erfolgt, indem der Anbieter das Angebot des Kunden annimmt. Die Annahme erfolgt, indem der Anbieter den Vertragsschluss in Schrift- oder Textform (z.&nbsp;B. per E-Mail) best&auml;tigt (Auftragsbest&auml;tigung) und diese Auftragsbest&auml;tigung dem Kunden zugeht oder indem er die bestellte Ware liefert und diese Ware dem Kunden zugeht oder indem er den Kunden zur Zahlung auffordert (z.&nbsp;B. Rechnung oder Kreditkartenzahlung im Bestellprozess) und die Zahlungsaufforderung dem Kunden zugeht; ma&szlig;geblich f&uuml;r den Zeitpunkt des Vertragsschlusses ist dabei der Zeitpunkt, in dem eine der im ersten Halbsatz genannten Alternativen erstmalig eintritt.<\/p> <p>2.3 Vor verbindlicher Abgabe der Bestellung &uuml;ber das Online-Bestellformular des Anbieters kann der Kunde seine Eingaben &uuml;berpr&uuml;fen und jederzeit &uuml;ber die &uuml;blichen Tastatur-, Maus-, Touch- oder sonstigen zur Verf&uuml;gung stehenden Eingabefunktionen korrigieren. Dar&uuml;ber hinaus werden alle Eingaben vor der verbindlichen Abgabe der Bestellung noch einmal in einem Best&auml;tigungsfenster angezeigt und k&ouml;nnen auch dort mittels der &uuml;blichen Tastatur-, Maus-, Touch- oder sonstigen zur Verf&uuml;gung stehende Eingabefunktionen korrigiert werden.<\/p> <p>2.4 Der Anbieter wird den Vertragstext nach dem Vertragsschluss speichern und dem Kunden in Textform (z.&nbsp;B. per E-Mail) &uuml;bermitteln. Eine dar&uuml;berhinausgehende Zug&auml;nglichmachung des Vertragstexts durch den Anbieter erfolgt nicht. Sofern der Einkauf &uuml;ber ein Kundenkonto im Online-Shop erfolgt ist, kann der Kunde seine Bestellungen und die damit verbundenen Bestelldaten dort einsehen.<\/p> <p>2.5 F&uuml;r den Vertragsschluss stehen folgende Sprachen zur Verf&uuml;gung: Deutsch<\/p><h2>3. Widerrufsrecht f\u00fcr Verbraucher<\/h2> <p>Verbrauchern steht bei au&szlig;erhalb von Gesch&auml;ftsr&auml;umen geschlossenen Vertr&auml;gen und bei Fernabsatzvertr&auml;gen grunds&auml;tzlich ein Widerrufsrecht zu. Verbraucher ist jede nat&uuml;rliche Person, die ein Rechtsgesch&auml;ft zu Zwecken abschlie&szlig;t, die &uuml;berwiegend weder ihrer gewerblichen noch ihrer selbstst&auml;ndigen beruflichen T&auml;tigkeit zugerechnet werden k&ouml;nnen. Details sind der Widerrufsbelehrung zu entnehmen, die jedem Verbraucher sp&auml;testens unmittelbar vor Vertragsschluss zur Verf&uuml;gung gestellt wird.<p>**Wichtiger Hinweis:** F\u00fcr den Kauf von Tickets zu Veranstaltungen besteht gem\u00e4\u00df \u00a7 312g Abs. 2 Nr. 9 BGB kein Widerrufsrecht. Eine R\u00fcckgabe oder Erstattung der gekauften Tickets ist daher ausgeschlossen.<\/p><\/p><h2>4. Zahlung, Verzug<\/h2> <p>4.1 Es gelten die zum Zeitpunkt der Bestellung im Online-Shop aufgef&uuml;hrten Preise. Alle Preise gelten inklusive der gesetzlichen Mehrwertsteuer sowie zuz&uuml;glich der gegebenenfalls aufgef&uuml;hrten Versandkosten. &Uuml;ber die zur Verf&uuml;gung stehenden Zahlungsm&ouml;glichkeiten wird der Kunde im Online-Shop des Anbieters informiert.<\/p><p>4.2 Ist &bdquo;Kauf auf Rechnung\/Rechnungskauf&ldquo; vereinbart, ist die Zahlung sofort nach Vertragsabschluss f&auml;llig, es sei denn, dass in der Rechnung oder im Kaufprozess ein anderes Zahlungsziel angegeben wurde.<\/p><p>4.3 Ist Zahlung per Kredit- oder Debitkarte vereinbart, wird der Kaufpreis sofort nach Vertragsschluss f&auml;llig.<\/p><p>4.4 Ist die Zahlung via &bdquo;PayPal&ldquo; vereinbart, wird der Kaufpreis sofort nach Vertragsabschluss f&auml;llig. Die Zahlungsabwicklung erfolgt &uuml;ber den Zahlungsdienstleister PayPal (Europe) S.&agrave; r.l. et Cie, S.C.A., 22-24 Boulevard Royal, L-2449 Luxembourg.<\/p><p>4.5 Ist &bdquo;Sofort&uuml;berweisung&ldquo; vereinbart, wird der Kaufpreis sofort nach Vertragsschluss f&auml;llig. Die Zahlungsabwicklung erfolgt &uuml;ber die Sofort GmbH, Theresienh&ouml;he 12, 80339 M&uuml;nchen.<\/p><p>4.6 Ist Giropay vereinbart, wird der Kaufpreis sofort nach Vertragsabschluss f&auml;llig. Die Zahlungsabwicklung erfolgt &uuml;ber die paydirect GmbH, Stephanstr. 14-16, 60313 Frankfurt am Main.<\/p><h2>5. Eigentumsvorbehalt<\/h2> <p>Die gekaufte Ware bleibt bis zur vollst&auml;ndigen Bezahlung des Kaufpreises Eigentum des Anbieters.<\/p><h2>6. Lieferung und Selbstbelieferungsvorbehalt<\/h2> <p>6.1 Vorbehaltlich abweichender Vereinbarungen erfolgt die Lieferung innerhalb der im Online-Shop angegebenen Lieferzeit an die vom Kunden angegebene Lieferadresse. Die geltenden Lieferzeiten sind dem Online-Shop zu entnehmen.<\/p><p>6.2 Eine Selbstabholung der erworbenen Waren ist ausgeschlossen.<\/p><p>6.3 Wenn der Anbieter die bestellte Ware nicht liefern kann, weil er ohne eigenes Verschulden selbst nicht beliefert wurde, obwohl er rechtzeitig mit einem zuverl&auml;ssigen Lieferanten ein kongruentes Deckungsgesch&auml;ft abgeschlossen hat, wird der Anbieter von seiner Leistungspflicht frei und kann vom Vertrag zur&uuml;cktreten. Der Anbieter ist verpflichtet, den Kunden unverz&uuml;glich &uuml;ber die Unm&ouml;glichkeit der Leistungserf&uuml;llung in Kenntnis zu setzen. Bereits erbrachte Gegenleistungen des Vertragspartners werden diesem unverz&uuml;glich erstattet. Zwingendes Verbraucherrecht bleibt vom vorliegenden Absatz unber&uuml;hrt.<\/p><h2>7. Gew&auml;hrleistung<\/h2> <p>Es gelten die Vorschriften der gesetzlichen M&auml;ngelhaftung.<\/p><h2>8. Haftung<\/h2> <p>8.1 Der Anbieter haftet unbeschr&auml;nkt:<\/p> <ul> <li>f&uuml;r Sch&auml;den aus der Verletzung des Lebens, des K&ouml;rpers oder der Gesundheit, die auf einer vors&auml;tzlichen oder fahrl&auml;ssigen Pflichtverletzung des Anbieters oder einer vors&auml;tzlichen oder fahrl&auml;ssigen Pflichtverletzung eines gesetzlichen Vertreters oder Erf&uuml;llungsgehilfen des Anbieters beruhen;<\/li> <li>f&uuml;r Sch&auml;den, die auf einer vors&auml;tzlichen oder grob fahrl&auml;ssigen Pflichtverletzung des Anbieters oder auf einer vors&auml;tzlichen oder grob fahrl&auml;ssigen Pflichtverletzung eines gesetzlichen Vertreters oder Erf&uuml;llungsgehilfen des Anbieters beruhen;<\/li> <li>aufgrund eines Garantieversprechens, soweit diesbez&uuml;glich keine andere Regelung getroffen wurde;<\/li> <li>aufgrund zwingender Haftung (z.&nbsp;B. nach dem Produkthaftungsgesetz)<\/li> <\/ul> <p>8.2 Wenn der Anbieter fahrl&auml;ssig eine wesentliche Vertragspflicht verletzt, ist dessen Haftung auf den vertragstypischen, vorhersehbaren Schaden beschr&auml;nkt, sofern nicht gem&auml;&szlig; vorstehendem Absatz unbeschr&auml;nkt gehaftet wird. Wesentliche Vertragspflichten sind Pflichten, die der Vertrag dem Anbieter nach seinem Inhalt zur Erreichung des Vertragszwecks auferlegt, deren Erf&uuml;llung die ordnungsgem&auml;&szlig;e Durchf&uuml;hrung des Vertrags &uuml;berhaupt erst erm&ouml;glicht und auf deren Einhaltung der Kunde regelm&auml;&szlig;ig vertrauen darf.<\/p> <p>8.3 Im &Uuml;brigen ist eine Haftung des Anbieters sowie die Haftung seiner Erf&uuml;llungsgehilfen und gesetzlichen Vertreter ausgeschlossen.<\/p><h2>9. Datenschutz<\/h2> <p>Der Anbieter behandelt die personenbezogenen Daten seiner Kunden vertraulich und im Einklang mit den gesetzlichen Datenschutzvorschriften. N&auml;heres entnehmen Sie der Datenschutzerkl&auml;rung des Anbieters.<\/p><h2>10. Schlussbestimmungen<\/h2> <p>10.1 Anwendbar ist das Recht der Bundesrepublik Deutschland unter Ausschluss des UN-Kaufrechts, soweit diese Rechtswahl nicht dazu f&uuml;hrt, dass ein Verbraucher mit gew&ouml;hnlichem Aufenthalt in der EU hierdurch zwingenden gesetzlichen Bestimmungen des Rechts seines Aufenthaltsstaates entzogen wird.&nbsp;<\/p> <p>10.2 Ist der Kunde Kaufmann, juristische Person des &ouml;ffentlichen Rechts oder &ouml;ffentlich-rechtliches Sonderverm&ouml;gen, ist das Gericht am Sitz des Anbieters zust&auml;ndig, sofern nicht f&uuml;r die Streitigkeit ein ausschlie&szlig;licher Gerichtsstand begr&uuml;ndet ist. Dies gilt auch, wenn der Kunde keinen Wohnsitz innerhalb der Europ&auml;ischen Union hat. Der Sitz unseres Unternehmens ist der &Uuml;berschrift dieser AGB zu entnehmen.<\/p> <p>10.3 Soweit eine Bestimmung dieses Vertrages ung&uuml;ltig oder undurchsetzbar ist oder wird, bleiben die &uuml;brigen Bestimmungen dieses Vertrages hiervon unber&uuml;hrt.<\/p><h2>11. Informationen zur Online-Streitbeilegung \/ Verbraucherschlichtung<\/h2> <p>Die EU-Kommission stellt im Internet unter folgendem Link eine Plattform zur Online-Streitbeilegung bereit: <a href=\"https:\/\/ec.europa.eu\/consumers\/odr\" target=\"_blank\" rel=\"noopener noreferrer\">https:\/\/ec.europa.eu\/consumers\/odr<\/a>.<\/p>\n\n<p>Der Anbieter ist nicht bereit oder verpflichtet, an Streitbeilegungsverfahren vor einer Verbraucherschlichtungsstelle teilzunehmen.<\/p>\n\n <p>Unsere E-Mail-Adresse entnehmen Sie der &Uuml;berschrift dieser AGB.<\/p>\t\t\t\t<\/div>\n\t\t\t\t<\/div>\n\t\t\t\t\t<\/div>\n\t\t\t\t<\/div>\n\t\t\t\t<\/div>","protected":false},"excerpt":{"rendered":"<p>Allgemeine Gesch\u00e4ftsbedingungen f\u00fcr den Online-Shop unter der URL https:\/\/www.ladysinmotion.de betrieben von BF Direkt GmbH Falkenstrasse 12 94072 Bad F\u00fcssing E-Mail: info@ladysinmotion.de Telefonnummer: + 49 8531 948 89 37 &#8211; im Folgenden: Anbieter &#8211; &nbsp; 1. Geltungsbereich Diese Allgemeinen Gesch\u00e4ftsbedingungen (AGB) gelten nach ihrer Einbeziehung f\u00fcr alle Vertragsschl\u00fcsse \u00fcber den Erwerb von Waren, Dienstleistungen oder sonstigen [&hellip;]<\/p>\n","protected":false},"author":98,"featured_media":0,"parent":0,"menu_order":0,"comment_status":"closed","ping_status":"closed","template":"","meta":{"footnotes":""},"class_list":["post-39","page","type-page","status-publish","hentry"],"yoast_head":"<!-- This site is optimized with the Yoast SEO plugin v27.4 - https:\/\/yoast.com\/product\/yoast-seo-wordpress\/ -->\n<title>AGB&#039;s und Kundeninformationen - Ladys in motion<\/title>\n<meta name=\"robots\" content=\"noindex, nofollow\" \/>\n<meta property=\"og:locale\" content=\"en_US\" \/>\n<meta property=\"og:type\" content=\"article\" \/>\n<meta property=\"og:title\" content=\"AGB&#039;s und Kundeninformationen - Ladys in motion\" \/>\n<meta property=\"og:description\" content=\"Allgemeine Gesch\u00e4ftsbedingungen f\u00fcr den Online-Shop unter der URL https:\/\/www.ladysinmotion.de betrieben von BF Direkt GmbH Falkenstrasse 12 94072 Bad F\u00fcssing E-Mail: info@ladysinmotion.de Telefonnummer: + 49 8531 948 89 37 &#8211; im Folgenden: Anbieter &#8211; &nbsp; 1. Geltungsbereich Diese Allgemeinen Gesch\u00e4ftsbedingungen (AGB) gelten nach ihrer Einbeziehung f\u00fcr alle Vertragsschl\u00fcsse \u00fcber den Erwerb von Waren, Dienstleistungen oder sonstigen [&hellip;]\" \/>\n<meta property=\"og:url\" content=\"https:\/\/www.ladysinmotion.de\/en\/agbs-und-kundeninformationen\/\" \/>\n<meta property=\"og:site_name\" content=\"Ladys in motion\" \/>\n<meta property=\"article:publisher\" content=\"https:\/\/www.facebook.com\/profile.php?id=61572841853565\" \/>\n<meta property=\"article:modified_time\" content=\"2025-03-30T16:51:40+00:00\" \/>\n<meta name=\"twitter:card\" content=\"summary_large_image\" \/>\n<meta name=\"twitter:label1\" content=\"Est. reading time\" \/>\n\t<meta name=\"twitter:data1\" content=\"7 minutes\" \/>\n<script type=\"application\/ld+json\" class=\"yoast-schema-graph\">{\"@context\":\"https:\\\/\\\/schema.org\",\"@graph\":[{\"@type\":\"WebPage\",\"@id\":\"https:\\\/\\\/www.ladysinmotion.de\\\/agbs-und-kundeninformationen\\\/\",\"url\":\"https:\\\/\\\/www.ladysinmotion.de\\\/agbs-und-kundeninformationen\\\/\",\"name\":\"AGB's und Kundeninformationen - Ladys in motion\",\"isPartOf\":{\"@id\":\"https:\\\/\\\/www.ladysinmotion.de\\\/#website\"},\"datePublished\":\"2024-11-27T00:13:13+00:00\",\"dateModified\":\"2025-03-30T16:51:40+00:00\",\"breadcrumb\":{\"@id\":\"https:\\\/\\\/www.ladysinmotion.de\\\/agbs-und-kundeninformationen\\\/#breadcrumb\"},\"inLanguage\":\"en-US\",\"potentialAction\":[{\"@type\":\"ReadAction\",\"target\":[\"https:\\\/\\\/www.ladysinmotion.de\\\/agbs-und-kundeninformationen\\\/\"]}]},{\"@type\":\"BreadcrumbList\",\"@id\":\"https:\\\/\\\/www.ladysinmotion.de\\\/agbs-und-kundeninformationen\\\/#breadcrumb\",\"itemListElement\":[{\"@type\":\"ListItem\",\"position\":1,\"name\":\"Startseite\",\"item\":\"https:\\\/\\\/www.ladysinmotion.de\\\/\"},{\"@type\":\"ListItem\",\"position\":2,\"name\":\"AGB&#8217;s und Kundeninformationen\"}]},{\"@type\":\"WebSite\",\"@id\":\"https:\\\/\\\/www.ladysinmotion.de\\\/#website\",\"url\":\"https:\\\/\\\/www.ladysinmotion.de\\\/\",\"name\":\"Ladys in motion\",\"description\":\"Festival in Bad F\u00fcssing\",\"publisher\":{\"@id\":\"https:\\\/\\\/www.ladysinmotion.de\\\/#organization\"},\"potentialAction\":[{\"@type\":\"SearchAction\",\"target\":{\"@type\":\"EntryPoint\",\"urlTemplate\":\"https:\\\/\\\/www.ladysinmotion.de\\\/?s={search_term_string}\"},\"query-input\":{\"@type\":\"PropertyValueSpecification\",\"valueRequired\":true,\"valueName\":\"search_term_string\"}}],\"inLanguage\":\"en-US\"},{\"@type\":\"Organization\",\"@id\":\"https:\\\/\\\/www.ladysinmotion.de\\\/#organization\",\"name\":\"Ladys in motion\",\"url\":\"https:\\\/\\\/www.ladysinmotion.de\\\/\",\"logo\":{\"@type\":\"ImageObject\",\"inLanguage\":\"en-US\",\"@id\":\"https:\\\/\\\/www.ladysinmotion.de\\\/#\\\/schema\\\/logo\\\/image\\\/\",\"url\":\"https:\\\/\\\/www.ladysinmotion.de\\\/wp-content\\\/uploads\\\/2024\\\/11\\\/Ladys-In-Motion-Logo-1920-x-700-px.jpg\",\"contentUrl\":\"https:\\\/\\\/www.ladysinmotion.de\\\/wp-content\\\/uploads\\\/2024\\\/11\\\/Ladys-In-Motion-Logo-1920-x-700-px.jpg\",\"width\":1920,\"height\":700,\"caption\":\"Ladys in motion\"},\"image\":{\"@id\":\"https:\\\/\\\/www.ladysinmotion.de\\\/#\\\/schema\\\/logo\\\/image\\\/\"},\"sameAs\":[\"https:\\\/\\\/www.facebook.com\\\/profile.php?id=61572841853565\",\"https:\\\/\\\/www.instagram.com\\\/ladysinmotion\\\/\"]}]}<\/script>\n<!-- \/ Yoast SEO plugin. -->","yoast_head_json":{"title":"AGB's und Kundeninformationen - Ladys in motion","robots":{"index":"noindex","follow":"nofollow"},"og_locale":"en_US","og_type":"article","og_title":"AGB's und Kundeninformationen - Ladys in motion","og_description":"Allgemeine Gesch\u00e4ftsbedingungen f\u00fcr den Online-Shop unter der URL https:\/\/www.ladysinmotion.de betrieben von BF Direkt GmbH Falkenstrasse 12 94072 Bad F\u00fcssing E-Mail: info@ladysinmotion.de Telefonnummer: + 49 8531 948 89 37 &#8211; im Folgenden: Anbieter &#8211; &nbsp; 1. Geltungsbereich Diese Allgemeinen Gesch\u00e4ftsbedingungen (AGB) gelten nach ihrer Einbeziehung f\u00fcr alle Vertragsschl\u00fcsse \u00fcber den Erwerb von Waren, Dienstleistungen oder sonstigen [&hellip;]","og_url":"https:\/\/www.ladysinmotion.de\/en\/agbs-und-kundeninformationen\/","og_site_name":"Ladys in motion","article_publisher":"https:\/\/www.facebook.com\/profile.php?id=61572841853565","article_modified_time":"2025-03-30T16:51:40+00:00","twitter_card":"summary_large_image","twitter_misc":{"Est. reading time":"7 minutes"},"schema":{"@context":"https:\/\/schema.org","@graph":[{"@type":"WebPage","@id":"https:\/\/www.ladysinmotion.de\/agbs-und-kundeninformationen\/","url":"https:\/\/www.ladysinmotion.de\/agbs-und-kundeninformationen\/","name":"AGB's und Kundeninformationen - Ladys in motion","isPartOf":{"@id":"https:\/\/www.ladysinmotion.de\/#website"},"datePublished":"2024-11-27T00:13:13+00:00","dateModified":"2025-03-30T16:51:40+00:00","breadcrumb":{"@id":"https:\/\/www.ladysinmotion.de\/agbs-und-kundeninformationen\/#breadcrumb"},"inLanguage":"en-US","potentialAction":[{"@type":"ReadAction","target":["https:\/\/www.ladysinmotion.de\/agbs-und-kundeninformationen\/"]}]},{"@type":"BreadcrumbList","@id":"https:\/\/www.ladysinmotion.de\/agbs-und-kundeninformationen\/#breadcrumb","itemListElement":[{"@type":"ListItem","position":1,"name":"Startseite","item":"https:\/\/www.ladysinmotion.de\/"},{"@type":"ListItem","position":2,"name":"AGB&#8217;s und Kundeninformationen"}]},{"@type":"WebSite","@id":"https:\/\/www.ladysinmotion.de\/#website","url":"https:\/\/www.ladysinmotion.de\/","name":"Ladys in motion","description":"Festival in Bad F\u00fcssing","publisher":{"@id":"https:\/\/www.ladysinmotion.de\/#organization"},"potentialAction":[{"@type":"SearchAction","target":{"@type":"EntryPoint","urlTemplate":"https:\/\/www.ladysinmotion.de\/?s={search_term_string}"},"query-input":{"@type":"PropertyValueSpecification","valueRequired":true,"valueName":"search_term_string"}}],"inLanguage":"en-US"},{"@type":"Organization","@id":"https:\/\/www.ladysinmotion.de\/#organization","name":"Ladys in motion","url":"https:\/\/www.ladysinmotion.de\/","logo":{"@type":"ImageObject","inLanguage":"en-US","@id":"https:\/\/www.ladysinmotion.de\/#\/schema\/logo\/image\/","url":"https:\/\/www.ladysinmotion.de\/wp-content\/uploads\/2024\/11\/Ladys-In-Motion-Logo-1920-x-700-px.jpg","contentUrl":"https:\/\/www.ladysinmotion.de\/wp-content\/uploads\/2024\/11\/Ladys-In-Motion-Logo-1920-x-700-px.jpg","width":1920,"height":700,"caption":"Ladys in motion"},"image":{"@id":"https:\/\/www.ladysinmotion.de\/#\/schema\/logo\/image\/"},"sameAs":["https:\/\/www.facebook.com\/profile.php?id=61572841853565","https:\/\/www.instagram.com\/ladysinmotion\/"]}]}},"jetpack_sharing_enabled":true,"_links":{"self":[{"href":"https:\/\/www.ladysinmotion.de\/en\/wp-json\/wp\/v2\/pages\/39","targetHints":{"allow":["GET"]}}],"collection":[{"href":"https:\/\/www.ladysinmotion.de\/en\/wp-json\/wp\/v2\/pages"}],"about":[{"href":"https:\/\/www.ladysinmotion.de\/en\/wp-json\/wp\/v2\/types\/page"}],"author":[{"embeddable":true,"href":"https:\/\/www.ladysinmotion.de\/en\/wp-json\/wp\/v2\/users\/98"}],"replies":[{"embeddable":true,"href":"https:\/\/www.ladysinmotion.de\/en\/wp-json\/wp\/v2\/comments?post=39"}],"version-history":[{"count":0,"href":"https:\/\/www.ladysinmotion.de\/en\/wp-json\/wp\/v2\/pages\/39\/revisions"}],"wp:attachment":[{"href":"https:\/\/www.ladysinmotion.de\/en\/wp-json\/wp\/v2\/media?parent=39"}],"curies":[{"name":"wp","href":"https:\/\/api.w.org\/{rel}","templated":true}]}}