{"id":255,"date":"2024-12-13T19:09:47","date_gmt":"2024-12-13T18:09:47","guid":{"rendered":"https:\/\/www.ladysinmotion.de\/?page_id=255"},"modified":"2025-03-30T18:52:02","modified_gmt":"2025-03-30T16:52:02","slug":"datenschutzerklaerungen","status":"publish","type":"page","link":"https:\/\/www.ladysinmotion.de\/en\/datenschutzerklaerungen\/","title":{"rendered":"Datenschutzerkl\u00e4rungen"},"content":{"rendered":"<div data-elementor-type=\"wp-page\" data-elementor-id=\"255\" class=\"elementor elementor-255\" data-elementor-post-type=\"page\">\n\t\t\t\t<div data-particle_enable=\"false\" data-particle-mobile-disabled=\"false\" class=\"elementor-element elementor-element-1bb9df8 e-flex e-con-boxed e-con e-parent\" data-id=\"1bb9df8\" data-element_type=\"container\" data-e-type=\"container\">\n\t\t\t\t\t<div class=\"e-con-inner\">\n\t\t\t\t<div class=\"elementor-element elementor-element-ef47681 elementor-icon-list--layout-traditional elementor-list-item-link-full_width elementor-widget elementor-widget-icon-list\" data-id=\"ef47681\" data-element_type=\"widget\" data-e-type=\"widget\" data-widget_type=\"icon-list.default\">\n\t\t\t\t<div class=\"elementor-widget-container\">\n\t\t\t\t\t\t\t<ul class=\"elementor-icon-list-items\">\n\t\t\t\t\t\t\t<li class=\"elementor-icon-list-item\">\n\t\t\t\t\t\t\t\t\t\t\t<a href=\"https:\/\/www.ladysinmotion.de\/en\/datenschutzerklaerung\/\">\n\n\t\t\t\t\t\t\t\t\t\t\t\t<span class=\"elementor-icon-list-icon\">\n\t\t\t\t\t\t\t<i aria-hidden=\"true\" class=\"fas fa-arrow-right\"><\/i>\t\t\t\t\t\t<\/span>\n\t\t\t\t\t\t\t\t\t\t<span class=\"elementor-icon-list-text\">Datenschutzerkl\u00e4rung<\/span>\n\t\t\t\t\t\t\t\t\t\t\t<\/a>\n\t\t\t\t\t\t\t\t\t<\/li>\n\t\t\t\t\t\t\t\t<li class=\"elementor-icon-list-item\">\n\t\t\t\t\t\t\t\t\t\t\t<a href=\"https:\/\/www.ladysinmotion.de\/en\/datenschutzerklaerung-fuer-social-media\/\">\n\n\t\t\t\t\t\t\t\t\t\t\t\t<span class=\"elementor-icon-list-icon\">\n\t\t\t\t\t\t\t<i aria-hidden=\"true\" class=\"fas fa-arrow-right\"><\/i>\t\t\t\t\t\t<\/span>\n\t\t\t\t\t\t\t\t\t\t<span class=\"elementor-icon-list-text\">Datenschutzerkl\u00e4rung f\u00fcr Social Media<\/span>\n\t\t\t\t\t\t\t\t\t\t\t<\/a>\n\t\t\t\t\t\t\t\t\t<\/li>\n\t\t\t\t\t\t<\/ul>\n\t\t\t\t\t\t<\/div>\n\t\t\t\t<\/div>\n\t\t\t\t\t<\/div>\n\t\t\t\t<\/div>\n\t\t\t\t<\/div>","protected":false},"excerpt":{"rendered":"<p>Datenschutzerkl\u00e4rung Datenschutzerkl\u00e4rung f\u00fcr Social Media<\/p>","protected":false},"author":98,"featured_media":0,"parent":0,"menu_order":0,"comment_status":"closed","ping_status":"closed","template":"","meta":{"footnotes":""},"class_list":["post-255","page","type-page","status-publish","hentry"],"yoast_head":"<!-- This site is optimized with the Yoast SEO plugin v27.4 - https:\/\/yoast.com\/product\/yoast-seo-wordpress\/ -->\n<title>Datenschutzerkl\u00e4rungen - Ladys in motion<\/title>\n<meta name=\"robots\" content=\"noindex, nofollow\" \/>\n<meta property=\"og:locale\" content=\"en_US\" \/>\n<meta property=\"og:type\" content=\"article\" \/>\n<meta property=\"og:title\" content=\"Datenschutzerkl\u00e4rungen - Ladys in motion\" \/>\n<meta property=\"og:description\" content=\"Datenschutzerkl\u00e4rung Datenschutzerkl\u00e4rung f\u00fcr Social Media\" \/>\n<meta property=\"og:url\" content=\"https:\/\/www.ladysinmotion.de\/en\/datenschutzerklaerungen\/\" \/>\n<meta property=\"og:site_name\" content=\"Ladys in motion\" \/>\n<meta property=\"article:publisher\" content=\"https:\/\/www.facebook.com\/profile.php?id=61572841853565\" \/>\n<meta property=\"article:modified_time\" content=\"2025-03-30T16:52:02+00:00\" \/>\n<meta name=\"twitter:card\" content=\"summary_large_image\" \/>\n<meta name=\"twitter:label1\" content=\"Est. reading time\" \/>\n\t<meta name=\"twitter:data1\" content=\"1 minute\" \/>\n<script type=\"application\/ld+json\" class=\"yoast-schema-graph\">{\"@context\":\"https:\\\/\\\/schema.org\",\"@graph\":[{\"@type\":\"WebPage\",\"@id\":\"https:\\\/\\\/www.ladysinmotion.de\\\/datenschutzerklaerungen\\\/\",\"url\":\"https:\\\/\\\/www.ladysinmotion.de\\\/datenschutzerklaerungen\\\/\",\"name\":\"Datenschutzerkl\u00e4rungen - Ladys in motion\",\"isPartOf\":{\"@id\":\"https:\\\/\\\/www.ladysinmotion.de\\\/#website\"},\"datePublished\":\"2024-12-13T18:09:47+00:00\",\"dateModified\":\"2025-03-30T16:52:02+00:00\",\"breadcrumb\":{\"@id\":\"https:\\\/\\\/www.ladysinmotion.de\\\/datenschutzerklaerungen\\\/#breadcrumb\"},\"inLanguage\":\"en-US\",\"potentialAction\":[{\"@type\":\"ReadAction\",\"target\":[\"https:\\\/\\\/www.ladysinmotion.de\\\/datenschutzerklaerungen\\\/\"]}]},{\"@type\":\"BreadcrumbList\",\"@id\":\"https:\\\/\\\/www.ladysinmotion.de\\\/datenschutzerklaerungen\\\/#breadcrumb\",\"itemListElement\":[{\"@type\":\"ListItem\",\"position\":1,\"name\":\"Startseite\",\"item\":\"https:\\\/\\\/www.ladysinmotion.de\\\/\"},{\"@type\":\"ListItem\",\"position\":2,\"name\":\"Datenschutzerkl\u00e4rungen\"}]},{\"@type\":\"WebSite\",\"@id\":\"https:\\\/\\\/www.ladysinmotion.de\\\/#website\",\"url\":\"https:\\\/\\\/www.ladysinmotion.de\\\/\",\"name\":\"Ladys in motion\",\"description\":\"Festival in Bad F\u00fcssing\",\"publisher\":{\"@id\":\"https:\\\/\\\/www.ladysinmotion.de\\\/#organization\"},\"potentialAction\":[{\"@type\":\"SearchAction\",\"target\":{\"@type\":\"EntryPoint\",\"urlTemplate\":\"https:\\\/\\\/www.ladysinmotion.de\\\/?s={search_term_string}\"},\"query-input\":{\"@type\":\"PropertyValueSpecification\",\"valueRequired\":true,\"valueName\":\"search_term_string\"}}],\"inLanguage\":\"en-US\"},{\"@type\":\"Organization\",\"@id\":\"https:\\\/\\\/www.ladysinmotion.de\\\/#organization\",\"name\":\"Ladys in motion\",\"url\":\"https:\\\/\\\/www.ladysinmotion.de\\\/\",\"logo\":{\"@type\":\"ImageObject\",\"inLanguage\":\"en-US\",\"@id\":\"https:\\\/\\\/www.ladysinmotion.de\\\/#\\\/schema\\\/logo\\\/image\\\/\",\"url\":\"https:\\\/\\\/www.ladysinmotion.de\\\/wp-content\\\/uploads\\\/2024\\\/11\\\/Ladys-In-Motion-Logo-1920-x-700-px.jpg\",\"contentUrl\":\"https:\\\/\\\/www.ladysinmotion.de\\\/wp-content\\\/uploads\\\/2024\\\/11\\\/Ladys-In-Motion-Logo-1920-x-700-px.jpg\",\"width\":1920,\"height\":700,\"caption\":\"Ladys in motion\"},\"image\":{\"@id\":\"https:\\\/\\\/www.ladysinmotion.de\\\/#\\\/schema\\\/logo\\\/image\\\/\"},\"sameAs\":[\"https:\\\/\\\/www.facebook.com\\\/profile.php?id=61572841853565\",\"https:\\\/\\\/www.instagram.com\\\/ladysinmotion\\\/\"]}]}<\/script>\n<!-- \/ Yoast SEO plugin. -->","yoast_head_json":{"title":"Datenschutzerkl\u00e4rungen - Ladys in motion","robots":{"index":"noindex","follow":"nofollow"},"og_locale":"en_US","og_type":"article","og_title":"Datenschutzerkl\u00e4rungen - Ladys in motion","og_description":"Datenschutzerkl\u00e4rung Datenschutzerkl\u00e4rung f\u00fcr Social Media","og_url":"https:\/\/www.ladysinmotion.de\/en\/datenschutzerklaerungen\/","og_site_name":"Ladys in motion","article_publisher":"https:\/\/www.facebook.com\/profile.php?id=61572841853565","article_modified_time":"2025-03-30T16:52:02+00:00","twitter_card":"summary_large_image","twitter_misc":{"Est. reading time":"1 minute"},"schema":{"@context":"https:\/\/schema.org","@graph":[{"@type":"WebPage","@id":"https:\/\/www.ladysinmotion.de\/datenschutzerklaerungen\/","url":"https:\/\/www.ladysinmotion.de\/datenschutzerklaerungen\/","name":"Datenschutzerkl\u00e4rungen - Ladys in motion","isPartOf":{"@id":"https:\/\/www.ladysinmotion.de\/#website"},"datePublished":"2024-12-13T18:09:47+00:00","dateModified":"2025-03-30T16:52:02+00:00","breadcrumb":{"@id":"https:\/\/www.ladysinmotion.de\/datenschutzerklaerungen\/#breadcrumb"},"inLanguage":"en-US","potentialAction":[{"@type":"ReadAction","target":["https:\/\/www.ladysinmotion.de\/datenschutzerklaerungen\/"]}]},{"@type":"BreadcrumbList","@id":"https:\/\/www.ladysinmotion.de\/datenschutzerklaerungen\/#breadcrumb","itemListElement":[{"@type":"ListItem","position":1,"name":"Startseite","item":"https:\/\/www.ladysinmotion.de\/"},{"@type":"ListItem","position":2,"name":"Datenschutzerkl\u00e4rungen"}]},{"@type":"WebSite","@id":"https:\/\/www.ladysinmotion.de\/#website","url":"https:\/\/www.ladysinmotion.de\/","name":"Ladys in motion","description":"Festival in Bad F\u00fcssing","publisher":{"@id":"https:\/\/www.ladysinmotion.de\/#organization"},"potentialAction":[{"@type":"SearchAction","target":{"@type":"EntryPoint","urlTemplate":"https:\/\/www.ladysinmotion.de\/?s={search_term_string}"},"query-input":{"@type":"PropertyValueSpecification","valueRequired":true,"valueName":"search_term_string"}}],"inLanguage":"en-US"},{"@type":"Organization","@id":"https:\/\/www.ladysinmotion.de\/#organization","name":"Ladys in motion","url":"https:\/\/www.ladysinmotion.de\/","logo":{"@type":"ImageObject","inLanguage":"en-US","@id":"https:\/\/www.ladysinmotion.de\/#\/schema\/logo\/image\/","url":"https:\/\/www.ladysinmotion.de\/wp-content\/uploads\/2024\/11\/Ladys-In-Motion-Logo-1920-x-700-px.jpg","contentUrl":"https:\/\/www.ladysinmotion.de\/wp-content\/uploads\/2024\/11\/Ladys-In-Motion-Logo-1920-x-700-px.jpg","width":1920,"height":700,"caption":"Ladys in motion"},"image":{"@id":"https:\/\/www.ladysinmotion.de\/#\/schema\/logo\/image\/"},"sameAs":["https:\/\/www.facebook.com\/profile.php?id=61572841853565","https:\/\/www.instagram.com\/ladysinmotion\/"]}]}},"jetpack_sharing_enabled":true,"_links":{"self":[{"href":"https:\/\/www.ladysinmotion.de\/en\/wp-json\/wp\/v2\/pages\/255","targetHints":{"allow":["GET"]}}],"collection":[{"href":"https:\/\/www.ladysinmotion.de\/en\/wp-json\/wp\/v2\/pages"}],"about":[{"href":"https:\/\/www.ladysinmotion.de\/en\/wp-json\/wp\/v2\/types\/page"}],"author":[{"embeddable":true,"href":"https:\/\/www.ladysinmotion.de\/en\/wp-json\/wp\/v2\/users\/98"}],"replies":[{"embeddable":true,"href":"https:\/\/www.ladysinmotion.de\/en\/wp-json\/wp\/v2\/comments?post=255"}],"version-history":[{"count":0,"href":"https:\/\/www.ladysinmotion.de\/en\/wp-json\/wp\/v2\/pages\/255\/revisions"}],"wp:attachment":[{"href":"https:\/\/www.ladysinmotion.de\/en\/wp-json\/wp\/v2\/media?parent=255"}],"curies":[{"name":"wp","href":"https:\/\/api.w.org\/{rel}","templated":true}]}}